{"id":2511,"date":"2016-05-30T12:08:00","date_gmt":"2016-05-30T10:08:00","guid":{"rendered":"http:\/\/edicionesfortuna.com\/?page_id=2511"},"modified":"2025-09-30T13:19:21","modified_gmt":"2025-09-30T11:19:21","slug":"terapicuentos","status":"publish","type":"page","link":"https:\/\/edicionesfortuna.com\/?page_id=2511","title":{"rendered":"Terapicuentos"},"content":{"rendered":"<p style=\"text-align: justify;\">Los Terapicuentos son unos cuentos escritos por una psiquiatra infantil, pensados para cuidar y ayudar a crecer a los ni\u00f1os con alg\u00fan conflicto psicol\u00f3gico sin resolver y servir de apoyo a sus padres.<\/p>\n<p style=\"text-align: justify;\">Nuestras peque\u00f1as f\u00e1bulas divertir\u00e1n y ayudar\u00e1n al ni\u00f1o a trav\u00e9s de un personaje de cuento con el que se podr\u00e1 sentir identificado. Permitir\u00e1n que padres y tutores entiendan por lo que el ni\u00f1o est\u00e1 pasando. Y servir\u00e1n como una buena herramienta de trabajo para los terapeutas.<\/p>\n<h3>\n<p style=\"text-align: center;\">\u00a1Diversi\u00f3n y ayuda a trav\u00e9s de un cuento es un Terapicuento!<\/p>\n<\/h3>\n<table>\n<tbody>\n<tr>\n<td style=\"text-align: center; width: 209px;\"><a href=\"https:\/\/edicionesfortuna.com\/?p=2190\"><img loading=\"lazy\" decoding=\"async\" class=\"aligncenter size-medium wp-image-2183\" src=\"https:\/\/edicionesfortuna.com\/wp-content\/uploads\/2015\/09\/9788494309434_04_h.jpg\" alt=\"El renacuajo Juanjo moja la cama y anda cabizbajo\" width=\"207\" height=\"289\" srcset=\"https:\/\/edicionesfortuna.com\/wp-content\/uploads\/2015\/09\/9788494309434_04_h.jpg 429w, https:\/\/edicionesfortuna.com\/wp-content\/uploads\/2015\/09\/9788494309434_04_h-107x150.jpg 107w, https:\/\/edicionesfortuna.com\/wp-content\/uploads\/2015\/09\/9788494309434_04_h-215x300.jpg 215w\" sizes=\"auto, (max-width: 207px) 100vw, 207px\" \/><\/a><\/td>\n<td style=\"text-align: center; width: 209px;\"><a href=\"https:\/\/edicionesfortuna.com\/?p=2192\"><img loading=\"lazy\" decoding=\"async\" class=\"aligncenter size-medium wp-image-2185\" src=\"https:\/\/edicionesfortuna.com\/wp-content\/uploads\/2015\/09\/9788494309441_04_h.jpg\" alt=\"La marmota Carlota cuando tiene que dormir alborota\" width=\"207\" height=\"289\" srcset=\"https:\/\/edicionesfortuna.com\/wp-content\/uploads\/2015\/09\/9788494309441_04_h.jpg 429w, https:\/\/edicionesfortuna.com\/wp-content\/uploads\/2015\/09\/9788494309441_04_h-107x150.jpg 107w, https:\/\/edicionesfortuna.com\/wp-content\/uploads\/2015\/09\/9788494309441_04_h-215x300.jpg 215w\" sizes=\"auto, (max-width: 207px) 100vw, 207px\" \/><\/a><\/td>\n<td style=\"text-align: center; width: 209px;\"><a href=\"https:\/\/edicionesfortuna.com\/?p=3456\"><img loading=\"lazy\" decoding=\"async\" class=\"aligncenter size-medium wp-image-2187\" src=\"https:\/\/edicionesfortuna.com\/wp-content\/uploads\/2023\/08\/9788494976599_01_g.jpg\" alt=\"El ratoncito Fernandito no para quieto ni un poquito\" width=\"207\" height=\"289\" \/><\/a><\/td>\n<\/tr>\n<tr>\n<td style=\"text-align: center; width: 209px;\">ENURESIS (MOJAR LA CAMA)<\/td>\n<td style=\"text-align: center; width: 209px;\">\u00a0TRASTORNO DEL SUE\u00d1O<\/td>\n<td style=\"text-align: center; width: 209px;\">\u00a0HIPERACTIVIDAD<\/td>\n<\/tr>\n<tr>\n<td style=\"text-align: center; width: 209px;\"><\/td>\n<td style=\"text-align: center; width: 209px;\"><\/td>\n<td style=\"text-align: center; width: 209px;\"><\/td>\n<\/tr>\n<tr>\n<td style=\"text-align: center; width: 209px;\"><a href=\"https:\/\/edicionesfortuna.com\/?p=2423\"><img loading=\"lazy\" decoding=\"async\" class=\"aligncenter size-medium wp-image-2428\" src=\"https:\/\/edicionesfortuna.com\/wp-content\/uploads\/2016\/02\/9788494439124_04_h.jpg\" alt=\"El perrito Ant\u00f3n se comporta como un mat\u00f3n\" width=\"207\" height=\"289\" srcset=\"https:\/\/edicionesfortuna.com\/wp-content\/uploads\/2016\/02\/9788494439124_04_h-107x150.jpg 107w, https:\/\/edicionesfortuna.com\/wp-content\/uploads\/2016\/02\/9788494439124_04_h-214x300.jpg 214w\" sizes=\"auto, (max-width: 207px) 100vw, 207px\" \/><\/a><\/td>\n<td style=\"text-align: center; width: 209px;\"><a href=\"https:\/\/edicionesfortuna.com\/?p=2452\"><img loading=\"lazy\" decoding=\"async\" class=\"aligncenter size-medium wp-image-2429\" src=\"https:\/\/edicionesfortuna.com\/wp-content\/uploads\/2016\/02\/9788494439131_04_h.jpg\" alt=\"La leona Maripilista en el colegio se despista\" width=\"207\" height=\"289\" srcset=\"https:\/\/edicionesfortuna.com\/wp-content\/uploads\/2016\/02\/9788494439131_04_h-107x150.jpg 107w, https:\/\/edicionesfortuna.com\/wp-content\/uploads\/2016\/02\/9788494439131_04_h-214x300.jpg 214w\" sizes=\"auto, (max-width: 207px) 100vw, 207px\" \/><\/a><\/td>\n<td style=\"text-align: center; width: 209px;\"><a href=\"https:\/\/edicionesfortuna.com\/?p=2454\"><img loading=\"lazy\" decoding=\"async\" class=\"aligncenter size-medium wp-image-2430\" src=\"https:\/\/edicionesfortuna.com\/wp-content\/uploads\/2016\/02\/9788494439148_04_h.jpg\" alt=\"La ardilla Maravilla no come porque es caprichosilla\" width=\"207\" height=\"289\" srcset=\"https:\/\/edicionesfortuna.com\/wp-content\/uploads\/2016\/02\/9788494439148_04_h-107x150.jpg 107w, https:\/\/edicionesfortuna.com\/wp-content\/uploads\/2016\/02\/9788494439148_04_h-214x300.jpg 214w\" sizes=\"auto, (max-width: 207px) 100vw, 207px\" \/><\/a><\/td>\n<\/tr>\n<tr>\n<td style=\"text-align: center; width: 209px;\">\u00a0AGRESIVIDAD<\/td>\n<td style=\"text-align: center; width: 209px;\">\u00a0TRASTORNO DEL APRENDIZAJE<\/td>\n<td style=\"text-align: center; width: 209px;\">\u00a0TRASTORNO DE LA ALIMENTACI\u00d3N<\/td>\n<\/tr>\n<tr>\n<td style=\"text-align: center; width: 209px;\"><\/td>\n<td style=\"text-align: center; width: 209px;\"><\/td>\n<td style=\"text-align: center; width: 209px;\"><\/td>\n<\/tr>\n<tr>\n<td style=\"text-align: center; width: 209px;\"><a href=\"https:\/\/edicionesfortuna.com\/?p=2465\"><img loading=\"lazy\" decoding=\"async\" class=\"aligncenter size-medium wp-image-2431\" src=\"https:\/\/edicionesfortuna.com\/wp-content\/uploads\/2016\/02\/9788494439155_04_h.jpg\" alt=\"La princesa Augusta no quiere ir al colegio porque se asusta\" width=\"207\" height=\"289\" srcset=\"https:\/\/edicionesfortuna.com\/wp-content\/uploads\/2016\/02\/9788494439155_04_h-107x150.jpg 107w, https:\/\/edicionesfortuna.com\/wp-content\/uploads\/2016\/02\/9788494439155_04_h-214x300.jpg 214w\" sizes=\"auto, (max-width: 207px) 100vw, 207px\" \/><\/a><\/td>\n<td style=\"text-align: center; width: 209px;\"><a href=\"https:\/\/edicionesfortuna.com\/?p=3459\"><img loading=\"lazy\" decoding=\"async\" class=\"aligncenter size-medium wp-image-2432\" src=\"https:\/\/edicionesfortuna.com\/wp-content\/uploads\/2023\/08\/9788412745801_01_g.jpg\" alt=\"La tortuga Taratuga es tan t\u00edmida que parece muda\" width=\"207\" height=\"289\" \/><\/a><\/td>\n<td style=\"text-align: center; width: 209px;\"><a href=\"https:\/\/edicionesfortuna.com\/?p=3014\"><img loading=\"lazy\" decoding=\"async\" class=\"aligncenter size-medium wp-image-1332\" src=\"https:\/\/edicionesfortuna.com\/wp-content\/uploads\/2019\/03\/9788494617775_04_g.jpg\" alt=\"El papagayo Pancho habla fatal y se queda tan ancho\" width=\"207\" height=\"289\" \/><\/a><\/td>\n<\/tr>\n<tr>\n<td style=\"text-align: center; width: 209px;\">\u00a0FOBIA ESCOLAR<\/td>\n<td style=\"text-align: center; width: 209px;\">TIMIDEZ O FOBIA SOCIAL<\/td>\n<td style=\"text-align: center; width: 209px;\">TRASTORNO DEL LENGUAJE<\/td>\n<\/tr>\n<tr>\n<td style=\"text-align: center; width: 209px;\"><\/td>\n<td style=\"text-align: center; width: 209px;\"><\/td>\n<td style=\"text-align: center; width: 209px;\"><\/td>\n<\/tr>\n<tr>\n<td style=\"text-align: center; width: 209px;\"><a href=\"https:\/\/edicionesfortuna.com\/?p=1520\"><img loading=\"lazy\" decoding=\"async\" class=\"aligncenter size-medium wp-image-1524\" src=\"https:\/\/edicionesfortuna.com\/wp-content\/uploads\/2013\/11\/9788494163418_04_h.jpg\" alt=\"La mofeta Culibufa huele tan mal que atufa\" width=\"207\" height=\"289\" \/><\/a><\/td>\n<td style=\"text-align: center; width: 209px;\"><a href=\"https:\/\/edicionesfortuna.com\/?p=1551\"><img loading=\"lazy\" decoding=\"async\" class=\"aligncenter size-medium wp-image-1526\" src=\"https:\/\/edicionesfortuna.com\/wp-content\/uploads\/2013\/11\/9788494163425_04_h.jpg\" alt=\"El cerdito Sim\u00f3n come mucho porque es un glot\u00f3n\" width=\"207\" height=\"289\" \/><\/a><\/td>\n<td style=\"text-align: center; width: 209px;\"><a href=\"https:\/\/edicionesfortuna.com\/?p=1554\"><img loading=\"lazy\" decoding=\"async\" class=\"aligncenter size-medium wp-image-1528\" src=\"https:\/\/edicionesfortuna.com\/wp-content\/uploads\/2013\/11\/9788494163432_04_h.jpg\" alt=\"El caballo Pocaspecas hace muchas muecas\" width=\"207\" height=\"289\" \/><\/a><\/td>\n<\/tr>\n<tr>\n<td style=\"text-align: center; width: 209px;\">\u00a0ENCOPRESIS<\/td>\n<td style=\"text-align: center; width: 209px;\">COMER EN EXCESO<\/td>\n<td style=\"text-align: center; width: 209px;\">TRASTORNO POR TICS<\/td>\n<\/tr>\n<tr>\n<td style=\"text-align: center; width: 209px;\"><\/td>\n<td style=\"text-align: center; width: 209px;\"><\/td>\n<td style=\"text-align: center; width: 209px;\"><\/td>\n<\/tr>\n<\/tbody>\n<\/table>\n<p align=\"center\">############<\/p>\n<div class='et-learn-more clearfix'>\n\t\t\t\t\t<h3 class='heading-more'>Sobre el autor...<span class='et_learnmore_arrow'><span><\/span><\/span><\/h3>\n\t\t\t\t\t<div class='learn-more-content'><p style=\"text-align: justify;\">Carmen Villanueva Rivero es psiquiatra infantil y psicoterapeuta desde 1980. Ha ejercido su labor cl\u00ednica en el servicio de salud mental Juli\u00e1n de Ajuriaguerra de la Federaci\u00f3n Haurrentzat en Bilbao y labores docentes de formaci\u00f3n a m\u00e9dicos internos residentes MIR, psic\u00f3logos internos residentes PIR, psicoterapeutas, educadores, m\u00e9dicos escolares, etc. Es miembro de la Sociedad de Psiquiatr\u00eda y Psicolog\u00eda Infantil SEPYPNA y del Grupo de Psicoterapia Anal\u00edtica de Bilbao GPAB. Miembro didacta de la Federaci\u00f3n Espa\u00f1ola de Psicoterapeutas Anal\u00edticos FEAP.<\/p>\n<p style=\"text-align: justify;\">Aficionada a la escritura creativa, ha publicado siete relatos en el taller de escritura creativa Alfa de Bilbao y con estos TERAPICUENTOS armoniza su dilatada carrera profesional con su capacidad creativa, siempre con el objetivo de ayudar a los ni\u00f1os y a sus familias.<\/p><\/div>\n\t\t\t\t<\/div>\n<div class='et-learn-more clearfix'>\n\t\t\t\t\t<h3 class='heading-more'>Sobre el colaborador...<span class='et_learnmore_arrow'><span><\/span><\/span><\/h3>\n\t\t\t\t\t<div class='learn-more-content'><p style=\"text-align: justify;\">Ibone Ruiz de Velasco Artaza es licenciada en Psicolog\u00eda por la Universidad de Deusto. Psic\u00f3loga y psicoterapeuta desde el a\u00f1o 2000, ha trabajado como psicoterapeuta infantil en el servicio de salud mental Juli\u00e1n de Ajuriaguerra de la Federaci\u00f3n Haurrentzat en Bilbao y en el \u00e1mbito privado. Es miembro del Grupo de Psicoterapia Anal\u00edtica de Bilbao (GPAB) y psicoterapeuta acreditada de la de la Federaci\u00f3n Espa\u00f1ola de Asociaci\u00f3n de Psicoterapeutas (FEAP).<\/p>\n<p style=\"text-align: justify;\">Aficionada a la escritura divulgativa, es autora de m\u00e1s de quince art\u00edculos para padres en la revista educativa Mara-mara del Ayuntamiento de Bilbao y de diversas revistas especializadas. Idea y colabora junto a la autora de los cuentos Carmen Villanueva en la colecci\u00f3n TERAPICUENTOS con una finalidad terap\u00e9utica, tras finalizar el M\u00e1ster de Edici\u00f3n en 2010 en la Universidad de Alcal\u00e1 de Henares.<\/p><\/div>\n\t\t\t\t<\/div>\n<div class='et-learn-more clearfix'>\n\t\t\t\t\t<h3 class='heading-more'>Sobre el ilustrador...<span class='et_learnmore_arrow'><span><\/span><\/span><\/h3>\n\t\t\t\t\t<div class='learn-more-content'><p style=\"text-align: justify;\">Paul Caballero Barturen nace en Bilbao en 1981. Tras acabar el bachillerato, se licencia en Bellas Artes por la universidad del Pa\u00eds Vasco, especializ\u00e1ndose en pintura y artes gr\u00e1ficas. Finalizados sus estudios universitarios, se traslada a Madrid para completar su formaci\u00f3n cursando un m\u00e1ster en ilustraci\u00f3n, dise\u00f1o, animaci\u00f3n y c\u00f3mic en ESDIP. En la actualidad, trabaja como portadista para la editorial Grup Lobher y como ilustrador de la colecci\u00f3n TERAPICUENTOS para Ediciones Fortuna.<\/p><\/div>\n\t\t\t\t<\/div>\n<p><!--more--><\/p>\n<p align=\"center\">############<\/p>\n<p align=\"justify\"><span style=\"font-size: medium;\">Entrevista en la segunda edici\u00f3n de los Telediarios de TVE (el de las 21:00) a Carmen Villanueva e Ibone Ruiz de Velasco con motivo de la vuelta al colegio, algo muy relacionado con el Terapicuento LA PRINCESA AUGUSTA NO QUIERE IR AL COLEGIO PORQUE SE ASUSTA. La presentadora Ana Blanco hace una introducci\u00f3n al cuento y da paso a la entrevista.<\/span><\/p>\n<p><span class=\"embed-youtube\" style=\"text-align:center; display: block;\"><iframe loading=\"lazy\" class=\"youtube-player\" width=\"640\" height=\"360\" src=\"https:\/\/www.youtube.com\/embed\/6ZnVp-twlWw?version=3&#038;rel=1&#038;showsearch=0&#038;showinfo=1&#038;iv_load_policy=1&#038;fs=1&#038;hl=es-ES&#038;autohide=2&#038;wmode=transparent\" allowfullscreen=\"true\" style=\"border:0;\" sandbox=\"allow-scripts allow-same-origin allow-popups allow-presentation allow-popups-to-escape-sandbox\"><\/iframe><\/span><\/p>\n<p align=\"center\">############<\/p>\n<p align=\"justify\"><span style=\"font-size: medium;\">Entrevista el 21\/09\/2013 a Carmen Villanueva, autora de los TERAPICUENTOS, en el programa de Radio 5 \u00abEsto es vida\u00bb.<\/span><\/p>\n<p><iframe loading=\"lazy\" width=\"100%\" height=\"120\" frameborder=\"0\" allowfullscreen=\"\" scrolling=\"no\" src=\"http:\/\/www.ivoox.com\/player_ej_2382520_1.html\"><\/iframe><br \/>\n<!--more--><\/p>\n<p align=\"justify\"><span style=\"font-size: medium;\">Entrevista el 10\/09\/2013 a Carmen Villanueva, autora de los TERAPICUENTOS, en el programa de RNE1 \u00abEsto me suena. Las tardes del ciudadano Garc\u00eda\u00bb.<\/span><\/p>\n<p><iframe loading=\"lazy\" width=\"100%\" height=\"120\" frameborder=\"0\" allowfullscreen=\"\" scrolling=\"no\" src=\"http:\/\/www.ivoox.com\/player_ej_2369446_1.html\"><\/iframe><br \/>\n<!--more--><\/p>\n<p align=\"center\">############<\/p>\n<p align=\"justify\"><span style=\"font-size: medium;\">Entrevista el 07\/09\/2013 a Carmen Villanueva, autora de los TERAPICUENTOS, en el programa de La Cope \u00abFin de Semana\u00bb.<\/span><\/p>\n<p><iframe loading=\"lazy\" width=\"100%\" height=\"120\" frameborder=\"0\" allowfullscreen=\"\" scrolling=\"no\" src=\"http:\/\/www.ivoox.com\/player_ej_2369347_1.html\"><\/iframe><br \/>\n<!--more--><\/p>\n<p align=\"center\">############<\/p>\n<p align=\"justify\"><span style=\"font-size: medium;\">Entrevista el 20\/07\/2013 a Carmen Villanueva, autora de los TERAPICUENTOS, en el programa de RNE1 \u00abNo es un d\u00eda cualquiera\u00bb.<\/span><\/p>\n<p><iframe loading=\"lazy\" width=\"100%\" height=\"120\" frameborder=\"0\" allowfullscreen=\"\" scrolling=\"no\" src=\"http:\/\/www.ivoox.com\/player_ej_2283432_1.html\"><\/iframe><br \/>\n<!--more--><\/p>\n<p align=\"center\">############<\/p>\n<p align=\"justify\"><span style=\"font-size: medium;\">Entrevista el 04\/04\/2013 a Carmen Villanueva, autora de los TERAPICUENTOS, en el programa de Radio Euskadi \u00abGraffiti\u00bb.<\/span><\/p>\n<p><iframe loading=\"lazy\" width=\"100%\" height=\"120\" frameborder=\"0\" allowfullscreen=\"\" scrolling=\"no\" src=\"http:\/\/www.ivoox.com\/player_ej_2283589_1.html\"><\/iframe><br \/>\n<!--more--><\/p>\n<p align=\"center\">############<\/p>\n<p align=\"justify\"><span style=\"font-size: medium;\">Entrevista el 28\/10\/2013 a Carmen Villanueva, autora de los TERAPICUENTOS, en el programa de la RPA (Radio P\u00fablica de Asturias) \u00abLa buena tarde\u00bb.<\/span><\/p>\n<p><iframe loading=\"lazy\" width=\"100%\" height=\"120\" frameborder=\"0\" allowfullscreen=\"\" scrolling=\"no\" src=\"http:\/\/www.ivoox.com\/player_ej_2519688_1.html\"><\/iframe><\/p>\n","protected":false},"excerpt":{"rendered":"<p>Los Terapicuentos son unos cuentos escritos por una psiquiatra infantil, pensados para cuidar y ayudar a crecer a los ni\u00f1os con alg\u00fan conflicto psicol\u00f3gico sin resolver y servir de apoyo a sus padres. Nuestras peque\u00f1as f\u00e1bulas divertir\u00e1n y ayudar\u00e1n al ni\u00f1o a trav\u00e9s de un personaje de cuento con el que se podr\u00e1 sentir identificado. [&hellip;]<\/p>\n","protected":false},"author":1,"featured_media":0,"parent":0,"menu_order":6,"comment_status":"closed","ping_status":"closed","template":"","meta":{"footnotes":""},"class_list":["post-2511","page","type-page","status-publish","hentry"],"jetpack_sharing_enabled":true,"jetpack_shortlink":"https:\/\/wp.me\/P3GzXh-Ev","_links":{"self":[{"href":"https:\/\/edicionesfortuna.com\/index.php?rest_route=\/wp\/v2\/pages\/2511","targetHints":{"allow":["GET"]}}],"collection":[{"href":"https:\/\/edicionesfortuna.com\/index.php?rest_route=\/wp\/v2\/pages"}],"about":[{"href":"https:\/\/edicionesfortuna.com\/index.php?rest_route=\/wp\/v2\/types\/page"}],"author":[{"embeddable":true,"href":"https:\/\/edicionesfortuna.com\/index.php?rest_route=\/wp\/v2\/users\/1"}],"replies":[{"embeddable":true,"href":"https:\/\/edicionesfortuna.com\/index.php?rest_route=%2Fwp%2Fv2%2Fcomments&post=2511"}],"version-history":[{"count":67,"href":"https:\/\/edicionesfortuna.com\/index.php?rest_route=\/wp\/v2\/pages\/2511\/revisions"}],"predecessor-version":[{"id":3880,"href":"https:\/\/edicionesfortuna.com\/index.php?rest_route=\/wp\/v2\/pages\/2511\/revisions\/3880"}],"wp:attachment":[{"href":"https:\/\/edicionesfortuna.com\/index.php?rest_route=%2Fwp%2Fv2%2Fmedia&parent=2511"}],"curies":[{"name":"wp","href":"https:\/\/api.w.org\/{rel}","templated":true}]}}