{"id":18,"date":"2010-11-13T08:09:09","date_gmt":"2010-11-13T15:09:09","guid":{"rendered":"http:\/\/edicionesfortuna.com\/?page_id=18"},"modified":"2022-04-04T13:02:07","modified_gmt":"2022-04-04T11:02:07","slug":"sobre-la-editorial","status":"publish","type":"page","link":"https:\/\/edicionesfortuna.com\/?page_id=18","title":{"rendered":"\u00bfQui\u00e9nes somos?"},"content":{"rendered":"<p>\u00a0<!--more--><\/p>\n<p style=\"text-align: justify;\">EDICIONES FORTUNA es una editorial que nace en septiembre de 2010 con la intenci\u00f3n de hacer llegar al mercado del libro t\u00edtulos de inter\u00e9s y calidad dirigidos principalmente al p\u00fablico infantil y juvenil, aunque siempre existe un p\u00fablico adulto que goza con este tipo de literatura que le hace\u00a0recordar una ni\u00f1ez\u00a0 en la que inocencia era igual a felicidad.\u00a0Con esta finalidad,\u00a0hacemos una selecci\u00f3n de libros entre los publicados por editoriales de renombre internacional (Templar Publishing, Oxford University Press, MacMillan Publishers Limited, Marshall Cavendish, Egmont,\u2026) y los preparamos para que el lector pueda disfrutar durante un momento de mundos de fantas\u00eda y color en los que olvidarse de las preocupaciones diarias (a pesar de lo que crean los adultos, los ni\u00f1os tambi\u00e9n tienen sus preocupaciones).<\/p>\n<p style=\"text-align: justify;\">El cat\u00e1logo de EDICIONES FORTUNA ir\u00e1 ampli\u00e1ndose peri\u00f3dicamente, as\u00ed que te invitamos a\u00a0que nos visites a menudo para estar informado de nuestras novedades.<\/p>\n<p style=\"text-align: justify;\">Si quieres contactar con nosotros, puedes hacerlo\u00a0escribi\u00e9ndonos un e-mail a <a href=\"mailto:info@edicionesfortuna.com\">info@edicionesfortuna.com<\/a>.<\/p>\n","protected":false},"excerpt":{"rendered":"<p>\u00a0<\/p>\n","protected":false},"author":1,"featured_media":0,"parent":0,"menu_order":1,"comment_status":"closed","ping_status":"closed","template":"","meta":{"footnotes":""},"class_list":["post-18","page","type-page","status-publish","hentry"],"jetpack_sharing_enabled":true,"jetpack_shortlink":"https:\/\/wp.me\/P3GzXh-i","_links":{"self":[{"href":"https:\/\/edicionesfortuna.com\/index.php?rest_route=\/wp\/v2\/pages\/18","targetHints":{"allow":["GET"]}}],"collection":[{"href":"https:\/\/edicionesfortuna.com\/index.php?rest_route=\/wp\/v2\/pages"}],"about":[{"href":"https:\/\/edicionesfortuna.com\/index.php?rest_route=\/wp\/v2\/types\/page"}],"author":[{"embeddable":true,"href":"https:\/\/edicionesfortuna.com\/index.php?rest_route=\/wp\/v2\/users\/1"}],"replies":[{"embeddable":true,"href":"https:\/\/edicionesfortuna.com\/index.php?rest_route=%2Fwp%2Fv2%2Fcomments&post=18"}],"version-history":[{"count":23,"href":"https:\/\/edicionesfortuna.com\/index.php?rest_route=\/wp\/v2\/pages\/18\/revisions"}],"predecessor-version":[{"id":3300,"href":"https:\/\/edicionesfortuna.com\/index.php?rest_route=\/wp\/v2\/pages\/18\/revisions\/3300"}],"wp:attachment":[{"href":"https:\/\/edicionesfortuna.com\/index.php?rest_route=%2Fwp%2Fv2%2Fmedia&parent=18"}],"curies":[{"name":"wp","href":"https:\/\/api.w.org\/{rel}","templated":true}]}}